{"id":2319,"date":"2015-02-13T21:44:19","date_gmt":"2015-02-13T20:44:19","guid":{"rendered":"http:\/\/themify.me\/demo\/themes\/flatshop\/?post_type=product&#038;p=2319"},"modified":"2019-11-20T14:52:41","modified_gmt":"2019-11-20T13:52:41","slug":"c0d3r-white","status":"publish","type":"product","link":"https:\/\/westino.com\/wpp\/index.php\/produkt\/c0d3r-white\/","title":{"rendered":"C0D3R &#8211; WHITE"},"content":{"rendered":"<!--themify_builder_content-->\n<div id=\"themify_builder_content-2319\" data-postid=\"2319\" class=\"themify_builder_content themify_builder_content-2319 themify_builder tf_clear\">\n                    <div  data-parallax-bg=\"desktop\" data-lazy=\"1\" class=\"module_row themify_builder_row tb_ajlq004 tb_first tf_w\">\n                        <div class=\"row_inner col_align_top tb_col_count_1 tf_box tf_rel\">\n                        <div  data-lazy=\"1\" class=\"module_column tb-column col-full  tb_e44q009 first\">\n                    <!-- module text -->\n<div  class=\"module module-text tb_xmqq017   \" data-lazy=\"1\">\n        <div  class=\"tb_text_wrap\">\n        <h3 style=\"text-align: center;\">Hier kommt die ultimative Tastaturmatte f\u00fcr Power User<\/h3>    <\/div>\n<\/div>\n<!-- \/module text --><!-- module divider -->\n<div  class=\"module tf_mw module-divider tb_qykh101 solid   \" style=\"border-width: 1px;margin-top: 40px;\" data-lazy=\"1\">\n    <\/div>\n<!-- \/module divider -->\n<!-- module image -->\n<div  class=\"module module-image tb_1ef2550 image-center    tf_mw\" data-lazy=\"1\">\n        <div class=\"image-wrap tf_rel tf_mw\">\n            <img decoding=\"async\" src=\"\/wpp\/wp-content\/uploads\/2015\/02\/C0D3R_white_product.png\" title=\"C0D3R &#8211; WHITE\" alt=\"C0D3R &#8211; WHITE\">    \n        <\/div>\n    <!-- \/image-wrap -->\n    \n        <\/div>\n<!-- \/module image --><!-- module divider -->\n<div  class=\"module tf_mw module-divider tb_sxzw441 solid   \" style=\"border-width: 1px;\" data-lazy=\"1\">\n    <\/div>\n<!-- \/module divider -->\n        <\/div>\n                        <\/div>\n        <\/div>\n                        <div  data-lazy=\"1\" class=\"module_row themify_builder_row tb_lty8005 tf_w\">\n                        <div class=\"row_inner col_align_top tb_col_count_3 tf_box tf_rel\">\n                        <div  data-lazy=\"1\" class=\"module_column tb-column col3-1  tb_qf26011 first\">\n                            <div  data-lazy=\"1\" class=\"module_subrow themify_builder_sub_row tf_w col_align_top tb_col_count_1 tb_59ix155\">\n                <div  data-lazy=\"1\" class=\"module_column sub_column col-full   tb_r4y9559 first\">\n                    <!-- module image -->\n<div  class=\"module module-image tb_98zk067 image-top    tf_mw\" data-lazy=\"1\">\n        <div class=\"image-wrap tf_rel tf_mw\">\n            <img decoding=\"async\" src=\"\/wpp\/wp-content\/uploads\/2015\/02\/C0D3R_Macbook__white_small.png\" title=\"C0D3R &#8211; WHITE\" alt=\"C0D3R &#8211; WHITE\">    \n        <\/div>\n    <!-- \/image-wrap -->\n    \n        <\/div>\n<!-- \/module image -->        <\/div>\n                    <\/div>\n                <\/div>\n                    <div  data-lazy=\"1\" class=\"module_column tb-column col3-1 tb_osy4262\">\n                    <!-- module text -->\n<div  class=\"module module-text tb_su4o311   \" data-lazy=\"1\">\n        <div  class=\"tb_text_wrap\">\n        <p style=\"text-align: center;\">Die Erleichterung f\u00fcr Entwickler.<\/p><p style=\"text-align: center;\">Schluss mit der ewigen Suche nach Klammern und Sonderzeichen.<\/p>    <\/div>\n<\/div>\n<!-- \/module text --><!-- module image -->\n<div  class=\"module module-image tb_xrrf700 image-center    tf_mw\" data-lazy=\"1\">\n        <div class=\"image-wrap tf_rel tf_mw\">\n            <img decoding=\"async\" src=\"\/wpp\/wp-content\/uploads\/2015\/02\/C0D3R_300x48.png\" title=\"C0D3R &#8211; WHITE\" alt=\"C0D3R &#8211; WHITE\">    \n        <\/div>\n    <!-- \/image-wrap -->\n    \n        <\/div>\n<!-- \/module image --><!-- module text -->\n<div  class=\"module module-text tb_2u12561   \" data-lazy=\"1\">\n        <div  class=\"tb_text_wrap\">\n        <p style=\"text-align: center;\">Passend f\u00fcr alle MacBook Pro Retina, MacBook Pro, MacBook Air 13\u2033 <br \/>und Apple Wireless Keyboard mit deutschem Tastaturlayout.<b> <\/b><\/p>    <\/div>\n<\/div>\n<!-- \/module text -->        <\/div>\n                    <div  data-lazy=\"1\" class=\"module_column tb-column col3-1  tb_b5mp617 last\">\n                            <div  data-lazy=\"1\" class=\"module_subrow themify_builder_sub_row tf_w col_align_top tb_col_count_1 tb_crav100\">\n                <div  data-lazy=\"1\" class=\"module_column sub_column col-full   tb_v9bj696 first\">\n                    <!-- module image -->\n<div  class=\"module module-image tb_10tu777 image-top    tf_mw\" data-lazy=\"1\">\n        <div class=\"image-wrap tf_rel tf_mw\">\n            <img decoding=\"async\" src=\"\/wpp\/wp-content\/uploads\/2015\/02\/C0D3R_white_Keyboard_small.png\" title=\"C0D3R &#8211; WHITE\" alt=\"C0D3R &#8211; WHITE\">    \n        <\/div>\n    <!-- \/image-wrap -->\n    \n        <\/div>\n<!-- \/module image -->        <\/div>\n                    <\/div>\n                <\/div>\n                        <\/div>\n        <\/div>\n                        <div  data-lazy=\"1\" class=\"module_row themify_builder_row tb_42q5807 tf_w\">\n                        <div class=\"row_inner col_align_top tb_col_count_1 tf_box tf_rel\">\n                        <div  data-lazy=\"1\" class=\"module_column tb-column col-full  tb_b3ve729 first\">\n                    <!-- module divider -->\n<div  class=\"module tf_mw module-divider tb_nrz8700 solid   \" style=\"border-width: 1px;\" data-lazy=\"1\">\n    <\/div>\n<!-- \/module divider -->\n        <\/div>\n                        <\/div>\n        <\/div>\n                        <div  data-lazy=\"1\" class=\"module_row themify_builder_row tb_6kwy100 tf_w\">\n                        <div class=\"row_inner col_align_top tb_col_count_2 tf_box tf_rel\">\n                        <div  data-lazy=\"1\" class=\"module_column tb-column col4-2  tb_mrvg711 first\">\n                    <!-- module image -->\n<div  class=\"module module-image tb_73n8601 image-top rounded  tf_mw\" data-lazy=\"1\">\n        <div class=\"image-wrap tf_rel tf_mw\">\n            <img decoding=\"async\" src=\"\/wpp\/wp-content\/uploads\/2015\/02\/Explain_w_5001.png\" title=\"C0D3R &#8211; WHITE\" alt=\"C0D3R &#8211; WHITE\">    \n        <\/div>\n    <!-- \/image-wrap -->\n    \n        <\/div>\n<!-- \/module image -->        <\/div>\n                    <div  data-lazy=\"1\" class=\"module_column tb-column col4-2  tb_8u2l177 last\">\n                    <!-- module text -->\n<div  class=\"module module-text tb_sjsp901   \" data-lazy=\"1\">\n        <div  class=\"tb_text_wrap\">\n        <p style=\"text-align: left;\">Auf der Tastaturmatte sind alle\u00a0Sonderzeichen beschriftet, die sich hinter den Tastenkombinationen &lt;ALT&gt; und &lt;ALT&gt;+&lt;SHIFT&gt; verbergen. Warum diese beim deutschen Tastaturlayout vom Hersteller vergessen wurden bleibt ein R\u00e4tsel.\u00a0<\/p><p style=\"text-align: left;\">Die Zeichen sind in schwarzer Schrift auf wei\u00dfem Grund aufgebracht.<\/p>    <\/div>\n<\/div>\n<!-- \/module text -->        <\/div>\n                        <\/div>\n        <\/div>\n                        <div  data-lazy=\"1\" class=\"module_row themify_builder_row tb_umm6001 tf_w\">\n                        <div class=\"row_inner col_align_top tb_col_count_1 tf_box tf_rel\">\n                        <div  data-lazy=\"1\" class=\"module_column tb-column col-full  tb_d9fb020 first\">\n                    <!-- module divider -->\n<div  class=\"module tf_mw module-divider tb_qqcp100 solid   \" style=\"border-width: 1px;\" data-lazy=\"1\">\n    <\/div>\n<!-- \/module divider -->\n        <\/div>\n                        <\/div>\n        <\/div>\n        <\/div>\n<!--\/themify_builder_content-->","protected":false},"excerpt":{"rendered":"<p>Vollst\u00e4ndig beschriftete Tastaturmatte aus Silikon f\u00fcr C0D3R, passend f\u00fcr MacBook Pro Retina, MacBook Pro, MacBook Air 13\u2033 und Wireless Keyboard.<\/p>\n<p>Nur\u00a0f\u00fcr <span style=\"text-decoration: underline\">DEUTSCHES<\/span> Tastaturlayout.<\/p>\n","protected":false},"featured_media":2993,"comment_status":"closed","ping_status":"closed","template":"","meta":[],"product_brand":[],"product_cat":[147],"product_tag":[],"class_list":{"0":"post-2319","1":"product","2":"type-product","3":"status-publish","4":"has-post-thumbnail","6":"product_cat-unkategorisiert","7":"has-post-title","8":"has-post-date","9":"has-post-category","10":"has-post-tag","11":"has-post-comment","12":"has-post-author","13":"","14":"fullcover","16":"first","17":"instock","18":"taxable","19":"shipping-taxable","20":"purchasable","21":"product-type-simple"},"builder_content":"<h3 style=\"text-align: center;\">Hier kommt die ultimative Tastaturmatte f\u00fcr Power User<\/h3>\n\n<img src=\"\/wpp\/wp-content\/uploads\/2015\/02\/C0D3R_white_product.png\" title=\"C0D3R &#8211; WHITE\" alt=\"C0D3R &#8211; WHITE\">\n\n<img src=\"\/wpp\/wp-content\/uploads\/2015\/02\/C0D3R_Macbook__white_small.png\" title=\"C0D3R &#8211; WHITE\" alt=\"C0D3R &#8211; WHITE\">\n<p style=\"text-align: center;\">Die Erleichterung f\u00fcr Entwickler.<\/p><p style=\"text-align: center;\">Schluss mit der ewigen Suche nach Klammern und Sonderzeichen.<\/p>\n<img src=\"\/wpp\/wp-content\/uploads\/2015\/02\/C0D3R_300x48.png\" title=\"C0D3R &#8211; WHITE\" alt=\"C0D3R &#8211; WHITE\">\n<p style=\"text-align: center;\">Passend f\u00fcr alle MacBook Pro Retina, MacBook Pro, MacBook Air 13\u2033 <br \/>und Apple Wireless Keyboard mit deutschem Tastaturlayout.<b> <\/b><\/p>\n<img src=\"\/wpp\/wp-content\/uploads\/2015\/02\/C0D3R_white_Keyboard_small.png\" title=\"C0D3R &#8211; WHITE\" alt=\"C0D3R &#8211; WHITE\">\n\n<img src=\"\/wpp\/wp-content\/uploads\/2015\/02\/Explain_w_5001.png\" title=\"C0D3R &#8211; WHITE\" alt=\"C0D3R &#8211; WHITE\">\n<p style=\"text-align: left;\">Auf der Tastaturmatte sind alle\u00a0Sonderzeichen beschriftet, die sich hinter den Tastenkombinationen &lt;ALT&gt; und &lt;ALT&gt;+&lt;SHIFT&gt; verbergen. Warum diese beim deutschen Tastaturlayout vom Hersteller vergessen wurden bleibt ein R\u00e4tsel.\u00a0<\/p><p style=\"text-align: left;\">Die Zeichen sind in schwarzer Schrift auf wei\u00dfem Grund aufgebracht.<\/p>\n","_links":{"self":[{"href":"https:\/\/westino.com\/wpp\/index.php\/wp-json\/wp\/v2\/product\/2319","targetHints":{"allow":["GET"]}}],"collection":[{"href":"https:\/\/westino.com\/wpp\/index.php\/wp-json\/wp\/v2\/product"}],"about":[{"href":"https:\/\/westino.com\/wpp\/index.php\/wp-json\/wp\/v2\/types\/product"}],"replies":[{"embeddable":true,"href":"https:\/\/westino.com\/wpp\/index.php\/wp-json\/wp\/v2\/comments?post=2319"}],"wp:featuredmedia":[{"embeddable":true,"href":"https:\/\/westino.com\/wpp\/index.php\/wp-json\/wp\/v2\/media\/2993"}],"wp:attachment":[{"href":"https:\/\/westino.com\/wpp\/index.php\/wp-json\/wp\/v2\/media?parent=2319"}],"wp:term":[{"taxonomy":"product_brand","embeddable":true,"href":"https:\/\/westino.com\/wpp\/index.php\/wp-json\/wp\/v2\/product_brand?post=2319"},{"taxonomy":"product_cat","embeddable":true,"href":"https:\/\/westino.com\/wpp\/index.php\/wp-json\/wp\/v2\/product_cat?post=2319"},{"taxonomy":"product_tag","embeddable":true,"href":"https:\/\/westino.com\/wpp\/index.php\/wp-json\/wp\/v2\/product_tag?post=2319"}],"curies":[{"name":"wp","href":"https:\/\/api.w.org\/{rel}","templated":true}]}}